{"id":7052,"date":"2021-03-19T18:11:39","date_gmt":"2021-03-19T18:11:39","guid":{"rendered":"http:\/\/www.bramybilski.pl\/de\/?page_id=7052"},"modified":"2023-11-14T20:12:41","modified_gmt":"2023-11-14T20:12:41","slug":"industrielle-tueren","status":"publish","type":"page","link":"https:\/\/www.bramybilski.pl\/de\/industrielle-tueren\/","title":{"rendered":"INDUSTRIELLE T\u00dcREN"},"content":{"rendered":"[vc_row type=&#8221;full_width_background&#8221; full_screen_row_position=&#8221;middle&#8221; column_margin=&#8221;default&#8221; scene_position=&#8221;center&#8221; text_color=&#8221;dark&#8221; text_align=&#8221;left&#8221; overlay_strength=&#8221;0.3&#8243; shape_divider_position=&#8221;bottom&#8221; bg_image_animation=&#8221;none&#8221; shape_type=&#8221;&#8221;][vc_column column_padding=&#8221;no-extra-padding&#8221; column_padding_position=&#8221;all&#8221; background_color_opacity=&#8221;1&#8243; background_hover_color_opacity=&#8221;1&#8243; column_link_target=&#8221;_self&#8221; column_shadow=&#8221;none&#8221; column_border_radius=&#8221;none&#8221; width=&#8221;1\/1&#8243; tablet_width_inherit=&#8221;default&#8221; tablet_text_alignment=&#8221;default&#8221; phone_text_alignment=&#8221;default&#8221; overlay_strength=&#8221;0.3&#8243; column_border_width=&#8221;none&#8221; column_border_style=&#8221;solid&#8221; bg_image_animation=&#8221;none&#8221;][divider line_type=&#8221;No Line&#8221; custom_height=&#8221;45&#8243;][vc_column_text]\n<h1 id=\"tw-target-text\" class=\"tw-data-text tw-text-large XcVN5d tw-ta\" dir=\"ltr\" style=\"text-align: center;\" data-placeholder=\"T\u0142umaczenie\"><span lang=\"de\">INDUSTRIELLE T\u00dcREN, ZUVERL\u00c4SSIGE AUSF\u00dcHRUNG, F\u00dcR IHR UNTERNEHMEN<\/span><\/h1>\n[\/vc_column_text][divider line_type=&#8221;No Line&#8221; custom_height=&#8221;45&#8243;][\/vc_column][\/vc_row][vc_row type=&#8221;in_container&#8221; full_screen_row_position=&#8221;middle&#8221; column_margin=&#8221;default&#8221; scene_position=&#8221;center&#8221; text_color=&#8221;dark&#8221; text_align=&#8221;left&#8221; overlay_strength=&#8221;0.3&#8243; shape_divider_position=&#8221;bottom&#8221; bg_image_animation=&#8221;none&#8221;][vc_column column_padding=&#8221;no-extra-padding&#8221; column_padding_position=&#8221;all&#8221; background_color_opacity=&#8221;1&#8243; background_hover_color_opacity=&#8221;1&#8243; column_link_target=&#8221;_self&#8221; column_shadow=&#8221;none&#8221; column_border_radius=&#8221;none&#8221; width=&#8221;1\/2&#8243; tablet_width_inherit=&#8221;default&#8221; tablet_text_alignment=&#8221;default&#8221; phone_text_alignment=&#8221;default&#8221; overlay_strength=&#8221;0.3&#8243; column_border_width=&#8221;none&#8221; column_border_style=&#8221;solid&#8221; bg_image_animation=&#8221;none&#8221;][vc_column_text]\n<h2 id=\"tw-target-text\" class=\"tw-data-text tw-text-large XcVN5d tw-ta\" dir=\"ltr\" data-placeholder=\"T\u0142umaczenie\"><span lang=\"de\">INDUSTRIELLE T\u00dcREN &#8211; ROLLEN<\/span><\/h2>\n<p id=\"tw-target-text\" class=\"tw-data-text tw-text-large XcVN5d tw-ta\" dir=\"ltr\" data-placeholder=\"T\u0142umaczenie\"><span lang=\"de\">Industrielle Rolltore &#8211; sie haben eine Struktur, dank der der Raum unter der Hallendecke frei bleibt. Dies ist wichtig, wenn die H\u00f6he der R\u00e4ume der Schl\u00fcssel ist. Daher k\u00f6nnen Rolll\u00e4den in Einrichtungen mit nicht standardm\u00e4\u00dfigen Bedingungen verwendet werden oder in denen Deckeninstallationen die Installation einer Sektionalt\u00fcr verhindern.<\/span><\/p>\n<p id=\"tw-target-text\" class=\"tw-data-text tw-text-large XcVN5d tw-ta\" dir=\"ltr\" data-placeholder=\"T\u0142umaczenie\"><span lang=\"de\">Das Rolltor besteht aus Aluminiumprofilen, die mit Polyurethanschaum gef\u00fcllt sind, der eine W\u00e4rmeisolierung darstellt. Zur Serienausstattung geh\u00f6ren ein Automatikantrieb und eine Sicherheitsbremse, die vor unkontrolliertem Herunterfallen des Tors sch\u00fctzt.<\/span><\/p>\n[\/vc_column_text][\/vc_column][vc_column column_padding=&#8221;no-extra-padding&#8221; column_padding_position=&#8221;all&#8221; background_color_opacity=&#8221;1&#8243; background_hover_color_opacity=&#8221;1&#8243; column_link_target=&#8221;_self&#8221; column_shadow=&#8221;none&#8221; column_border_radius=&#8221;none&#8221; width=&#8221;1\/2&#8243; tablet_width_inherit=&#8221;default&#8221; tablet_text_alignment=&#8221;default&#8221; phone_text_alignment=&#8221;default&#8221; overlay_strength=&#8221;0.3&#8243; column_border_width=&#8221;none&#8221; column_border_style=&#8221;solid&#8221; bg_image_animation=&#8221;none&#8221;][image_with_animation image_url=&#8221;6438&#8243; alignment=&#8221;&#8221; animation=&#8221;Fade In&#8221; hover_animation=&#8221;none&#8221; border_radius=&#8221;none&#8221; box_shadow=&#8221;none&#8221; image_loading=&#8221;default&#8221; max_width=&#8221;100%&#8221; max_width_mobile=&#8221;default&#8221;][\/vc_column][\/vc_row][vc_row type=&#8221;in_container&#8221; full_screen_row_position=&#8221;middle&#8221; column_margin=&#8221;default&#8221; scene_position=&#8221;center&#8221; text_color=&#8221;dark&#8221; text_align=&#8221;left&#8221; overlay_strength=&#8221;0.3&#8243; shape_divider_position=&#8221;bottom&#8221; bg_image_animation=&#8221;none&#8221;][vc_column column_padding=&#8221;no-extra-padding&#8221; column_padding_position=&#8221;all&#8221; background_color_opacity=&#8221;1&#8243; background_hover_color_opacity=&#8221;1&#8243; column_link_target=&#8221;_self&#8221; column_shadow=&#8221;none&#8221; column_border_radius=&#8221;none&#8221; width=&#8221;1\/2&#8243; tablet_width_inherit=&#8221;default&#8221; tablet_text_alignment=&#8221;default&#8221; phone_text_alignment=&#8221;default&#8221; overlay_strength=&#8221;0.3&#8243; column_border_width=&#8221;none&#8221; column_border_style=&#8221;solid&#8221; bg_image_animation=&#8221;none&#8221;][image_with_animation image_url=&#8221;6514&#8243; alignment=&#8221;&#8221; animation=&#8221;Fade In&#8221; hover_animation=&#8221;none&#8221; border_radius=&#8221;none&#8221; box_shadow=&#8221;none&#8221; image_loading=&#8221;default&#8221; max_width=&#8221;100%&#8221; max_width_mobile=&#8221;default&#8221;][\/vc_column][vc_column column_padding=&#8221;no-extra-padding&#8221; column_padding_position=&#8221;all&#8221; background_color_opacity=&#8221;1&#8243; background_hover_color_opacity=&#8221;1&#8243; column_link_target=&#8221;_self&#8221; column_shadow=&#8221;none&#8221; column_border_radius=&#8221;none&#8221; width=&#8221;1\/2&#8243; tablet_width_inherit=&#8221;default&#8221; tablet_text_alignment=&#8221;default&#8221; phone_text_alignment=&#8221;default&#8221; overlay_strength=&#8221;0.3&#8243; column_border_width=&#8221;none&#8221; column_border_style=&#8221;solid&#8221; bg_image_animation=&#8221;none&#8221;][vc_column_text]\n<h2><span lang=\"de\">INDUSTRIELLE T\u00dcREN &#8211; ABSCHNITT<\/span><\/h2>\n<p>Sektionaltore werden in der Regel in allen Arten von Industrieanlagen, modernen Hallen, Lagern usw. eingebaut. Sie sind aus verzinkten Stahlpaneelen hergestellt, die mit Polyesterfarben beschichtet und mit einer Polyurethanschaumschicht gef\u00fcllt sind. Torantriebe, Industrietore, Garagentore &#8211; das ist unsere Spezialit\u00e4t. <span lang=\"de\">Sie erf\u00fcllen ihre thermischen Funktionen in klimatisierten R\u00e4umen perfekt und garantieren einen der h\u00f6chsten W\u00e4rmedurchgangskoeffizienten. Sie k\u00f6nnen mit glasierten Aluminiumprofilen, Servicetoren und Fenstern ausgestattet werden, die einen st\u00e4ndigen Zugang zum Licht gew\u00e4hrleisten.<\/span><\/p>\n<p><span lang=\"de\">Industriet\u00fcren erf\u00fcllen alle europ\u00e4ischen Sicherheitsanforderungen und sind mit einem System von Torsionsfedern auf Kugellagern ausgestattet, das \u00fcber eine Sicherheitsbremse verf\u00fcgt, die verhindert, dass die T\u00fcr herunterf\u00e4llt, wenn eine der Federn bricht. Zus\u00e4tzlich haben sie einen &#8220;Fingerschutz&#8221; gegen Einklemmen der Finger. Die Sicherheit der Verwendung wird auch durch die Sicherheit in Form eines optischen Randstreifens oder von Fotozellen gew\u00e4hrleistet.<\/span><\/p>\n<p id=\"tw-target-text\" class=\"tw-data-text tw-text-large XcVN5d tw-ta\" dir=\"ltr\" data-placeholder=\"T\u0142umaczenie\"><span lang=\"de\">Die Torf\u00fchrung kann standardm\u00e4\u00dfig niedrig oder hoch bis einschlie\u00dflich vertikal sein. Es ist auch m\u00f6glich, eine diagonale F\u00fchrung unter Ber\u00fccksichtigung der Neigung des Daches oder der Decke zu verwenden.<\/span><\/p>\n<p id=\"tw-target-text\" class=\"tw-data-text tw-text-large XcVN5d tw-ta\" dir=\"ltr\" data-placeholder=\"T\u0142umaczenie\"><span lang=\"de\">Industrietore k\u00f6nnen manuell ge\u00f6ffnet oder mit einem elektrischen Antrieb mit Steuerung ausgestattet werden. Sein modularer Aufbau erm\u00f6glicht die Erweiterung der Grundfunktionen um zus\u00e4tzliche Elemente wie: einen ferngesteuerten Sender, eine codierte Tastatur, einen Magnetkartenleser oder eine Ampel.<\/span><\/p>\n<p id=\"tw-target-text\" class=\"tw-data-text tw-text-large XcVN5d tw-ta\" dir=\"ltr\" data-placeholder=\"T\u0142umaczenie\"><span lang=\"de\">Alle Tore werden nach individuellen Abmessungen und in verschiedenen Farben gefertigt. Wir beraten Sie bei der Auswahl des Tors, das an den Verwendungsort angepasst ist und die Erwartungen des Kunden voll erf\u00fcllt. Wir bieten eine effiziente, professionelle Montage sowie Garantie- und Nachgarantieservice, schnelle Lieferung und erschwingliche Preise.<\/span><\/p>\n[\/vc_column_text][\/vc_column][\/vc_row][vc_row type=&#8221;in_container&#8221; full_screen_row_position=&#8221;middle&#8221; column_margin=&#8221;default&#8221; scene_position=&#8221;center&#8221; text_color=&#8221;dark&#8221; text_align=&#8221;left&#8221; overlay_strength=&#8221;0.3&#8243; shape_divider_position=&#8221;bottom&#8221; bg_image_animation=&#8221;none&#8221;][vc_column column_padding=&#8221;no-extra-padding&#8221; column_padding_position=&#8221;all&#8221; background_color_opacity=&#8221;1&#8243; background_hover_color_opacity=&#8221;1&#8243; column_link_target=&#8221;_self&#8221; column_shadow=&#8221;none&#8221; column_border_radius=&#8221;none&#8221; width=&#8221;1\/2&#8243; tablet_width_inherit=&#8221;default&#8221; tablet_text_alignment=&#8221;default&#8221; phone_text_alignment=&#8221;default&#8221; overlay_strength=&#8221;0.3&#8243; column_border_width=&#8221;none&#8221; column_border_style=&#8221;solid&#8221; bg_image_animation=&#8221;none&#8221;][vc_column_text]\n<h2 id=\"tw-target-text\" class=\"tw-data-text tw-text-large XcVN5d tw-ta\" dir=\"ltr\" data-placeholder=\"T\u0142umaczenie\"><span lang=\"de\">INDUSTRIELLE T\u00dcREN &#8211; GESCHWINDIGKEIT<\/span><\/h2>\n<p id=\"tw-target-text\" class=\"tw-data-text tw-text-large XcVN5d tw-ta\" dir=\"ltr\" data-placeholder=\"T\u0142umaczenie\"><span lang=\"de\">Hochgeschwindigkeitst\u00fcren bestehen aus weichem PVC und werden normalerweise in Industriehallen sowie au\u00dferhalb des Geb\u00e4udes verwendet, wo eine hohe Bewegungsfrequenz besteht. Hochgeschwindigkeitstore sind als Falt- oder Rolltore erh\u00e4ltlich. Ihr Hauptvorteil ist eine sehr hohe \u00d6ffnungsgeschwindigkeit, die die Wartezeit vor dem Tor und den Temperaturverlust im Raum verringert, weshalb sie h\u00e4ufig in der Lebensmittelindustrie eingesetzt werden (z. B. bei der Verarbeitung von Fleisch, Fisch usw.). , in Lagern, Superm\u00e4rkten und Autowaschanlagen. Die Hochgeschwindigkeitst\u00fcr kann als Vollvorhang oder mit durchsichtigen Fenstern hergestellt werden.<\/span><\/p>\n<p id=\"tw-target-text\" class=\"tw-data-text tw-text-large XcVN5d tw-ta\" dir=\"ltr\" data-placeholder=\"T\u0142umaczenie\"><span lang=\"de\">Hochgeschwindigkeitst\u00fcren garantieren Funktionalit\u00e4t und Sicherheit durch eine Reihe von Zubeh\u00f6rteilen, z. B. Sicherheits-Fotozellen, die in der \u00d6ffnung der T\u00fcr\u00f6ffnung angebracht sind, oder das Entfernen des Mantels aus der F\u00fchrung im Falle einer Fahrzeugkollision (Selbstheilungssystem &#8211; einfach die T\u00fcr \u00f6ffnen und schlie\u00dfen) usw.<\/span><\/p>\n[\/vc_column_text][\/vc_column][vc_column column_padding=&#8221;no-extra-padding&#8221; column_padding_position=&#8221;all&#8221; background_color_opacity=&#8221;1&#8243; background_hover_color_opacity=&#8221;1&#8243; column_link_target=&#8221;_self&#8221; column_shadow=&#8221;none&#8221; column_border_radius=&#8221;none&#8221; width=&#8221;1\/2&#8243; tablet_width_inherit=&#8221;default&#8221; tablet_text_alignment=&#8221;default&#8221; phone_text_alignment=&#8221;default&#8221; overlay_strength=&#8221;0.3&#8243; column_border_width=&#8221;none&#8221; column_border_style=&#8221;solid&#8221; bg_image_animation=&#8221;none&#8221;][image_with_animation image_url=&#8221;6517&#8243; alignment=&#8221;&#8221; animation=&#8221;Fade In&#8221; hover_animation=&#8221;none&#8221; border_radius=&#8221;none&#8221; box_shadow=&#8221;none&#8221; image_loading=&#8221;default&#8221; max_width=&#8221;100%&#8221; max_width_mobile=&#8221;default&#8221;][\/vc_column][\/vc_row][vc_row type=&#8221;full_width_content&#8221; full_screen_row_position=&#8221;middle&#8221; column_margin=&#8221;default&#8221; scene_position=&#8221;center&#8221; text_color=&#8221;dark&#8221; text_align=&#8221;left&#8221; overlay_strength=&#8221;0.3&#8243; shape_divider_position=&#8221;bottom&#8221; bg_image_animation=&#8221;none&#8221;][vc_column column_padding=&#8221;no-extra-padding&#8221; column_padding_position=&#8221;all&#8221; background_color_opacity=&#8221;1&#8243; background_hover_color_opacity=&#8221;1&#8243; column_link_target=&#8221;_self&#8221; column_shadow=&#8221;none&#8221; column_border_radius=&#8221;none&#8221; width=&#8221;1\/3&#8243; tablet_width_inherit=&#8221;default&#8221; tablet_text_alignment=&#8221;default&#8221; phone_text_alignment=&#8221;default&#8221; overlay_strength=&#8221;0.3&#8243; column_border_width=&#8221;none&#8221; column_border_style=&#8221;solid&#8221; bg_image_animation=&#8221;none&#8221;][image_with_animation image_url=&#8221;6368&#8243; alignment=&#8221;&#8221; animation=&#8221;Fade In&#8221; hover_animation=&#8221;none&#8221; border_radius=&#8221;none&#8221; box_shadow=&#8221;none&#8221; image_loading=&#8221;default&#8221; max_width=&#8221;100%&#8221; max_width_mobile=&#8221;default&#8221;][\/vc_column][vc_column column_padding=&#8221;no-extra-padding&#8221; column_padding_position=&#8221;all&#8221; background_color_opacity=&#8221;1&#8243; background_hover_color_opacity=&#8221;1&#8243; column_link_target=&#8221;_self&#8221; column_shadow=&#8221;none&#8221; column_border_radius=&#8221;none&#8221; width=&#8221;1\/3&#8243; tablet_width_inherit=&#8221;default&#8221; tablet_text_alignment=&#8221;default&#8221; phone_text_alignment=&#8221;default&#8221; overlay_strength=&#8221;0.3&#8243; column_border_width=&#8221;none&#8221; column_border_style=&#8221;solid&#8221; bg_image_animation=&#8221;none&#8221;][image_with_animation image_url=&#8221;7302&#8243; alignment=&#8221;&#8221; animation=&#8221;Fade In&#8221; hover_animation=&#8221;none&#8221; border_radius=&#8221;none&#8221; box_shadow=&#8221;none&#8221; image_loading=&#8221;default&#8221; max_width=&#8221;100%&#8221; max_width_mobile=&#8221;default&#8221;][\/vc_column][vc_column column_padding=&#8221;no-extra-padding&#8221; column_padding_position=&#8221;all&#8221; background_color_opacity=&#8221;1&#8243; background_hover_color_opacity=&#8221;1&#8243; column_link_target=&#8221;_self&#8221; column_shadow=&#8221;none&#8221; column_border_radius=&#8221;none&#8221; width=&#8221;1\/3&#8243; tablet_width_inherit=&#8221;default&#8221; tablet_text_alignment=&#8221;default&#8221; phone_text_alignment=&#8221;default&#8221; overlay_strength=&#8221;0.3&#8243; column_border_width=&#8221;none&#8221; column_border_style=&#8221;solid&#8221; bg_image_animation=&#8221;none&#8221;][image_with_animation image_url=&#8221;6366&#8243; alignment=&#8221;&#8221; animation=&#8221;Fade In&#8221; hover_animation=&#8221;none&#8221; border_radius=&#8221;none&#8221; box_shadow=&#8221;none&#8221; image_loading=&#8221;default&#8221; max_width=&#8221;100%&#8221; max_width_mobile=&#8221;default&#8221;][\/vc_column][\/vc_row]\n","protected":false},"excerpt":{"rendered":"<p>[vc_row type=&#8221;full_width_background&#8221; full_screen_row_position=&#8221;middle&#8221; column_margin=&#8221;default&#8221; scene_position=&#8221;center&#8221; text_color=&#8221;dark&#8221; text_align=&#8221;left&#8221; overlay_strength=&#8221;0.3&#8243; shape_divider_position=&#8221;bottom&#8221; bg_image_animation=&#8221;none&#8221; shape_type=&#8221;&#8221;][vc_column column_padding=&#8221;no-extra-padding&#8221; column_padding_position=&#8221;all&#8221; background_color_opacity=&#8221;1&#8243; background_hover_color_opacity=&#8221;1&#8243;&#8230;<\/p>\n","protected":false},"author":1,"featured_media":0,"parent":0,"menu_order":0,"comment_status":"closed","ping_status":"closed","template":"","meta":{"footnotes":""},"yoast_head":"<!-- This site is optimized with the Yoast SEO plugin v21.9.1 - https:\/\/yoast.com\/wordpress\/plugins\/seo\/ -->\n<title>INDUSTRIELLE T\u00dcREN - Bramy Bilski<\/title>\n<meta name=\"robots\" content=\"index, follow, max-snippet:-1, max-image-preview:large, max-video-preview:-1\" \/>\n<link rel=\"canonical\" href=\"https:\/\/www.bramybilski.pl\/de\/industrielle-tueren\/\" \/>\n<meta property=\"og:locale\" content=\"de_DE\" \/>\n<meta property=\"og:type\" content=\"article\" \/>\n<meta property=\"og:title\" content=\"INDUSTRIELLE T\u00dcREN - Bramy Bilski\" \/>\n<meta property=\"og:description\" content=\"[vc_row type=&#8221;full_width_background&#8221; full_screen_row_position=&#8221;middle&#8221; column_margin=&#8221;default&#8221; scene_position=&#8221;center&#8221; text_color=&#8221;dark&#8221; text_align=&#8221;left&#8221; overlay_strength=&#8221;0.3&#8243; shape_divider_position=&#8221;bottom&#8221; bg_image_animation=&#8221;none&#8221; shape_type=&#8221;&#8221;][vc_column column_padding=&#8221;no-extra-padding&#8221; column_padding_position=&#8221;all&#8221; background_color_opacity=&#8221;1&#8243; background_hover_color_opacity=&#8221;1&#8243;...\" \/>\n<meta property=\"og:url\" content=\"https:\/\/www.bramybilski.pl\/de\/industrielle-tueren\/\" \/>\n<meta property=\"og:site_name\" content=\"Bramy Bilski\" \/>\n<meta property=\"article:modified_time\" content=\"2023-11-14T20:12:41+00:00\" \/>\n<meta property=\"og:image\" content=\"https:\/\/www.bramybilski.pl\/wp-content\/uploads\/2020\/12\/Bramy-aluminiowe-6.jpg\" \/>\n\t<meta property=\"og:image:width\" content=\"1920\" \/>\n\t<meta property=\"og:image:height\" content=\"900\" \/>\n\t<meta property=\"og:image:type\" content=\"image\/jpeg\" \/>\n<meta name=\"twitter:card\" content=\"summary_large_image\" \/>\n<meta name=\"twitter:label1\" content=\"Est. reading time\" \/>\n\t<meta name=\"twitter:data1\" content=\"4 minutes\" \/>\n<script type=\"application\/ld+json\" class=\"yoast-schema-graph\">{\"@context\":\"https:\/\/schema.org\",\"@graph\":[{\"@type\":\"WebPage\",\"@id\":\"https:\/\/www.bramybilski.pl\/de\/industrielle-tueren\/\",\"url\":\"https:\/\/www.bramybilski.pl\/de\/industrielle-tueren\/\",\"name\":\"INDUSTRIELLE T\u00dcREN - Bramy Bilski\",\"isPartOf\":{\"@id\":\"https:\/\/www.bramybilski.pl\/#website\"},\"datePublished\":\"2021-03-19T18:11:39+00:00\",\"dateModified\":\"2023-11-14T20:12:41+00:00\",\"breadcrumb\":{\"@id\":\"https:\/\/www.bramybilski.pl\/de\/industrielle-tueren\/#breadcrumb\"},\"inLanguage\":\"de-DE\",\"potentialAction\":[{\"@type\":\"ReadAction\",\"target\":[\"https:\/\/www.bramybilski.pl\/de\/industrielle-tueren\/\"]}]},{\"@type\":\"BreadcrumbList\",\"@id\":\"https:\/\/www.bramybilski.pl\/de\/industrielle-tueren\/#breadcrumb\",\"itemListElement\":[{\"@type\":\"ListItem\",\"position\":1,\"name\":\"Home\",\"item\":\"https:\/\/www.bramybilski.pl\/de\/\"},{\"@type\":\"ListItem\",\"position\":2,\"name\":\"INDUSTRIELLE T\u00dcREN\"}]},{\"@type\":\"WebSite\",\"@id\":\"https:\/\/www.bramybilski.pl\/#website\",\"url\":\"https:\/\/www.bramybilski.pl\/\",\"name\":\"Bramy Bilski\",\"description\":\"Bramy aluminiowe, Bramy wjazdowe przesuwne, postaw na aluminium!\",\"potentialAction\":[{\"@type\":\"SearchAction\",\"target\":{\"@type\":\"EntryPoint\",\"urlTemplate\":\"https:\/\/www.bramybilski.pl\/?s={search_term_string}\"},\"query-input\":\"required name=search_term_string\"}],\"inLanguage\":\"de-DE\"}]}<\/script>\n<!-- \/ Yoast SEO plugin. -->","yoast_head_json":{"title":"INDUSTRIELLE T\u00dcREN - Bramy Bilski","robots":{"index":"index","follow":"follow","max-snippet":"max-snippet:-1","max-image-preview":"max-image-preview:large","max-video-preview":"max-video-preview:-1"},"canonical":"https:\/\/www.bramybilski.pl\/de\/industrielle-tueren\/","og_locale":"de_DE","og_type":"article","og_title":"INDUSTRIELLE T\u00dcREN - Bramy Bilski","og_description":"[vc_row type=&#8221;full_width_background&#8221; full_screen_row_position=&#8221;middle&#8221; column_margin=&#8221;default&#8221; scene_position=&#8221;center&#8221; text_color=&#8221;dark&#8221; text_align=&#8221;left&#8221; overlay_strength=&#8221;0.3&#8243; shape_divider_position=&#8221;bottom&#8221; bg_image_animation=&#8221;none&#8221; shape_type=&#8221;&#8221;][vc_column column_padding=&#8221;no-extra-padding&#8221; column_padding_position=&#8221;all&#8221; background_color_opacity=&#8221;1&#8243; background_hover_color_opacity=&#8221;1&#8243;...","og_url":"https:\/\/www.bramybilski.pl\/de\/industrielle-tueren\/","og_site_name":"Bramy Bilski","article_modified_time":"2023-11-14T20:12:41+00:00","og_image":[{"width":1920,"height":900,"url":"https:\/\/www.bramybilski.pl\/wp-content\/uploads\/2020\/12\/Bramy-aluminiowe-6.jpg","type":"image\/jpeg"}],"twitter_card":"summary_large_image","twitter_misc":{"Est. reading time":"4 minutes"},"schema":{"@context":"https:\/\/schema.org","@graph":[{"@type":"WebPage","@id":"https:\/\/www.bramybilski.pl\/de\/industrielle-tueren\/","url":"https:\/\/www.bramybilski.pl\/de\/industrielle-tueren\/","name":"INDUSTRIELLE T\u00dcREN - Bramy Bilski","isPartOf":{"@id":"https:\/\/www.bramybilski.pl\/#website"},"datePublished":"2021-03-19T18:11:39+00:00","dateModified":"2023-11-14T20:12:41+00:00","breadcrumb":{"@id":"https:\/\/www.bramybilski.pl\/de\/industrielle-tueren\/#breadcrumb"},"inLanguage":"de-DE","potentialAction":[{"@type":"ReadAction","target":["https:\/\/www.bramybilski.pl\/de\/industrielle-tueren\/"]}]},{"@type":"BreadcrumbList","@id":"https:\/\/www.bramybilski.pl\/de\/industrielle-tueren\/#breadcrumb","itemListElement":[{"@type":"ListItem","position":1,"name":"Home","item":"https:\/\/www.bramybilski.pl\/de\/"},{"@type":"ListItem","position":2,"name":"INDUSTRIELLE T\u00dcREN"}]},{"@type":"WebSite","@id":"https:\/\/www.bramybilski.pl\/#website","url":"https:\/\/www.bramybilski.pl\/","name":"Bramy Bilski","description":"Bramy aluminiowe, Bramy wjazdowe przesuwne, postaw na aluminium!","potentialAction":[{"@type":"SearchAction","target":{"@type":"EntryPoint","urlTemplate":"https:\/\/www.bramybilski.pl\/?s={search_term_string}"},"query-input":"required name=search_term_string"}],"inLanguage":"de-DE"}]}},"_links":{"self":[{"href":"https:\/\/www.bramybilski.pl\/de\/wp-json\/wp\/v2\/pages\/7052"}],"collection":[{"href":"https:\/\/www.bramybilski.pl\/de\/wp-json\/wp\/v2\/pages"}],"about":[{"href":"https:\/\/www.bramybilski.pl\/de\/wp-json\/wp\/v2\/types\/page"}],"author":[{"embeddable":true,"href":"https:\/\/www.bramybilski.pl\/de\/wp-json\/wp\/v2\/users\/1"}],"replies":[{"embeddable":true,"href":"https:\/\/www.bramybilski.pl\/de\/wp-json\/wp\/v2\/comments?post=7052"}],"version-history":[{"count":10,"href":"https:\/\/www.bramybilski.pl\/de\/wp-json\/wp\/v2\/pages\/7052\/revisions"}],"predecessor-version":[{"id":7305,"href":"https:\/\/www.bramybilski.pl\/de\/wp-json\/wp\/v2\/pages\/7052\/revisions\/7305"}],"wp:attachment":[{"href":"https:\/\/www.bramybilski.pl\/de\/wp-json\/wp\/v2\/media?parent=7052"}],"curies":[{"name":"wp","href":"https:\/\/api.w.org\/{rel}","templated":true}]}}